{"id":61,"date":"2017-07-21T16:23:26","date_gmt":"2017-07-21T13:23:26","guid":{"rendered":"http:\/\/www.aldagulymm.com.tr\/en\/?page_id=61"},"modified":"2017-07-21T16:28:38","modified_gmt":"2017-07-21T13:28:38","slug":"contact-us","status":"publish","type":"page","link":"http:\/\/www.aldagulymm.com.tr\/en\/contact-us\/","title":{"rendered":"Contact Us"},"content":{"rendered":"<section class=\"kc-elm kc-css-774511 kc_row\"><div class=\"kc-row-container  kc-container\"><div class=\"kc-wrap-columns\"><div class=\"kc-elm kc-css-217579 kc_col-sm-12 kc_column kc_col-sm-12\"><div class=\"kc-col-container\"><div class=\"kc-elm kc-css-413344\" style=\"height: 20px; clear: both; width:100%;\"><\/div><div class=\"kc-elm kc-css-514255 kc_google_maps kc_shortcode\"><div style=\"height: 350px\" class=\"kc-google-maps\"><iframe loading=\"lazy\" src=\"https:\/\/www.google.com\/maps\/embed?pb=!1m14!1m8!1m3!1d12045.962730332192!2d28.8374014!3d40.9926322!3m2!1i1024!2i768!4f13.1!3m3!1m2!1s0x0%3A0x8d6d0b421ce12a2b!2zQWxkYWfDvGwgTWFsaSBEYW7EscWfbWFubMSxayBZbW0gTHRkLiDFnnRpLg!5e0!3m2!1str!2str!4v1500643673869\" width=\"100%\" height=\"350\" frameborder=\"0\" style=\"border:0\" allowfullscreen><\/iframe><\/div><\/div><div class=\"kc-elm kc-css-77193\" style=\"height: 20px; clear: both; width:100%;\"><\/div><div class=\"kc-elm kc-css-461121 kc_text_block\"><\/p>\n<p><strong><a href=\"http:\/\/www.aldagulymm.com.tr\/?attachment_id=207\" rel=\"attachment wp-att-207\"><img loading=\"lazy\" decoding=\"async\" class=\"alignleft size-full wp-image-207\" src=\"http:\/\/www.aldagulymm.com.tr\/wp-content\/uploads\/2011\/03\/adres.png\" alt=\"adres\" width=\"40\" height=\"40\" \/><\/a>Central Office : <\/strong>Zafer Mah. Eski Londra Asf. Dumlup\u0131nar St. Port Residance No:44-A D:15 Bah\u00e7elievler-\u0130stanbul \/ TURKEY<strong><br \/>\n<\/strong><\/p>\n<p><strong><a href=\"http:\/\/www.aldagulymm.com.tr\/?attachment_id=205\" rel=\"attachment wp-att-205\"><img loading=\"lazy\" decoding=\"async\" class=\"alignleft size-full wp-image-205\" src=\"http:\/\/www.aldagulymm.com.tr\/wp-content\/uploads\/2011\/03\/tel.png\" alt=\"tel\" width=\"40\" height=\"40\" \/><\/a><strong>Telephone: <\/strong><\/strong>+90(212) 639 39 46-47<strong><br \/>\n<strong>Fax :<\/strong> <\/strong>+90 (212) 483 26 83<\/p>\n<p>&nbsp;<\/p>\n<p>&nbsp;<\/p>\n<p><strong><a href=\"http:\/\/www.aldagulymm.com.tr\/?attachment_id=207\" rel=\"attachment wp-att-207\"><img loading=\"lazy\" decoding=\"async\" class=\"alignleft size-full wp-image-207\" src=\"http:\/\/www.aldagulymm.com.tr\/wp-content\/uploads\/2011\/03\/adres.png\" alt=\"adres\" width=\"40\" height=\"40\" \/><\/a>Branch Office:<\/strong> Arap\u00e7e\u015fme Mah. Kavak St. No:10 K:4 Gebze &#8211; Kocaeli \/ TURKEY<br \/>\n<strong>Tel:<\/strong> 262 641 77 70 <strong>Fax:<\/strong> 262 641 77 69<\/p>\n<p>&nbsp;<\/p>\n<p><strong><a href=\"http:\/\/www.aldagulymm.com.tr\/?attachment_id=215\" rel=\"attachment wp-att-215\"><img loading=\"lazy\" decoding=\"async\" class=\"alignleft size-full wp-image-215\" src=\"http:\/\/www.aldagulymm.com.tr\/wp-content\/uploads\/2011\/03\/mail.png\" alt=\"mail\" width=\"40\" height=\"40\" \/><\/a> Email: <\/strong>aldagul@aldagulymm.com.tr<\/p>\n<p>\n<\/div><\/div><\/div><\/div><\/div><\/section>\n","protected":false},"excerpt":{"rendered":"","protected":false},"author":1,"featured_media":0,"parent":0,"menu_order":0,"comment_status":"closed","ping_status":"closed","template":"","meta":{"footnotes":""},"class_list":["post-61","page","type-page","status-publish","hentry"],"_links":{"self":[{"href":"http:\/\/www.aldagulymm.com.tr\/en\/wp-json\/wp\/v2\/pages\/61","targetHints":{"allow":["GET"]}}],"collection":[{"href":"http:\/\/www.aldagulymm.com.tr\/en\/wp-json\/wp\/v2\/pages"}],"about":[{"href":"http:\/\/www.aldagulymm.com.tr\/en\/wp-json\/wp\/v2\/types\/page"}],"author":[{"embeddable":true,"href":"http:\/\/www.aldagulymm.com.tr\/en\/wp-json\/wp\/v2\/users\/1"}],"replies":[{"embeddable":true,"href":"http:\/\/www.aldagulymm.com.tr\/en\/wp-json\/wp\/v2\/comments?post=61"}],"version-history":[{"count":10,"href":"http:\/\/www.aldagulymm.com.tr\/en\/wp-json\/wp\/v2\/pages\/61\/revisions"}],"predecessor-version":[{"id":71,"href":"http:\/\/www.aldagulymm.com.tr\/en\/wp-json\/wp\/v2\/pages\/61\/revisions\/71"}],"wp:attachment":[{"href":"http:\/\/www.aldagulymm.com.tr\/en\/wp-json\/wp\/v2\/media?parent=61"}],"curies":[{"name":"wp","href":"https:\/\/api.w.org\/{rel}","templated":true}]}}