{"id":21,"date":"2011-03-14T08:45:47","date_gmt":"2011-03-14T08:45:47","guid":{"rendered":"http:\/\/www.vergihaber.net\/?page_id=21"},"modified":"2017-07-20T10:23:40","modified_gmt":"2017-07-20T07:23:40","slug":"hakkimizda","status":"publish","type":"page","link":"https:\/\/www.aldagulymm.com.tr\/?page_id=21","title":{"rendered":"Hakk\u0131m\u0131zda"},"content":{"rendered":"<section class=\"kc-elm kc-css-28890 kc_row\"><div class=\"kc-row-container  kc-container\"><div class=\"kc-wrap-columns\"><div class=\"kc-elm kc-css-514 kc_column kc_col-sm-12\"><div class=\"kc-col-container\"><div class=\"kc-elm kc-css-283674\" style=\"height: 20px; clear: both; width:100%;\"><\/div><div class=\"kc-elm kc-css-569037 kc_text_block\"><\/p>\n<p>Aldag\u00fcl YMM; Siz de\u011ferli m\u00fc\u015fterilerimizin sanayi, ticaret ve hizmet alanlar\u0131nda yat\u0131r\u0131mlar yaparken kendilerini daha g\u00fcvende hissedecekleri sahalar olu\u015fturmak, ticaretlerini g\u00fc\u00e7l\u00fc temeller \u00fczerine kurabilmelerini sa\u011flamak i\u00e7in deneyimli kadrosu ile yan\u0131n\u0131zda olmay\u0131 hedeflemektedir.<\/p>\n<p>Aldag\u00fcl; kadrosunda bulunan konusunda uzman, mesleki tecr\u00fcbeye sahip\u00a0<strong>Yeminli Mali M\u00fc\u015favirler ve Ba\u011f\u0131ms\u0131z Denet\u00e7iler<\/strong>\u00a0ile ulusal ve uluslararas\u0131 \u015firketlere;<\/p>\n<ul>\n<li>Tam Tasdik Denetimi<\/li>\n<li>Ba\u011f\u0131ms\u0131z Denetim<\/li>\n<li>Vergi ve KDV iadeleri<\/li>\n<li>Hile Denetimleri<\/li>\n<li>Faaliyet ve Etkinlik Denetimleri<\/li>\n<li>Vergi ve SGK Uyu\u015fmazl\u0131klar\u0131\u015eirketimiz, vermi\u015f oldu\u011fu hizmetlerde m\u00fc\u015fteri memnuniyeti ve hizmet kalitesini \u00f6n planda tutarak hizmet verdi\u011fi alanlar\u0131 h\u0131zla geni\u015fletmi\u015ftir.<\/li>\n<li>Ba\u015fta olmak \u00fczere bir\u00e7ok alanda hizmet vermeye devam etmektedir.<\/li>\n<\/ul>\n<p>Aldag\u00fcl; B\u00fcnyesinde bar\u0131nd\u0131rd\u0131\u011f\u0131 <strong>Aldag\u00fcl YMM<\/strong> ile m\u00fc\u015fterilerine h\u0131zl\u0131, g\u00fcvenli ve do\u011fru \u015fekilde hizmet sunmay\u0131 ilke edinmi\u015ftir.<\/p>\n<p>\n<\/div><\/div><\/div><\/div><\/div><\/section>\n","protected":false},"excerpt":{"rendered":"","protected":false},"author":1,"featured_media":0,"parent":0,"menu_order":0,"comment_status":"open","ping_status":"open","template":"","meta":{"footnotes":""},"class_list":["post-21","page","type-page","status-publish","hentry"],"_links":{"self":[{"href":"https:\/\/www.aldagulymm.com.tr\/index.php?rest_route=\/wp\/v2\/pages\/21","targetHints":{"allow":["GET"]}}],"collection":[{"href":"https:\/\/www.aldagulymm.com.tr\/index.php?rest_route=\/wp\/v2\/pages"}],"about":[{"href":"https:\/\/www.aldagulymm.com.tr\/index.php?rest_route=\/wp\/v2\/types\/page"}],"author":[{"embeddable":true,"href":"https:\/\/www.aldagulymm.com.tr\/index.php?rest_route=\/wp\/v2\/users\/1"}],"replies":[{"embeddable":true,"href":"https:\/\/www.aldagulymm.com.tr\/index.php?rest_route=%2Fwp%2Fv2%2Fcomments&post=21"}],"version-history":[{"count":8,"href":"https:\/\/www.aldagulymm.com.tr\/index.php?rest_route=\/wp\/v2\/pages\/21\/revisions"}],"predecessor-version":[{"id":3301,"href":"https:\/\/www.aldagulymm.com.tr\/index.php?rest_route=\/wp\/v2\/pages\/21\/revisions\/3301"}],"wp:attachment":[{"href":"https:\/\/www.aldagulymm.com.tr\/index.php?rest_route=%2Fwp%2Fv2%2Fmedia&parent=21"}],"curies":[{"name":"wp","href":"https:\/\/api.w.org\/{rel}","templated":true}]}}