{"id":25,"date":"2011-03-14T08:46:17","date_gmt":"2011-03-14T08:46:17","guid":{"rendered":"http:\/\/www.vergihaber.net\/?page_id=25"},"modified":"2013-01-11T14:28:06","modified_gmt":"2013-01-11T12:28:06","slug":"iletisim","status":"publish","type":"page","link":"https:\/\/www.aldagulymm.com.tr\/?page_id=25","title":{"rendered":"\u0130leti\u015fim"},"content":{"rendered":"<p><a href=\"http:\/\/www.aldagulymm.com.tr\/?attachment_id=204\" rel=\"attachment wp-att-204\"><img loading=\"lazy\" decoding=\"async\" class=\"size-medium wp-image-204 aligncenter\" alt=\"aldag\u00fcl ymm logo\" src=\"http:\/\/www.aldagulymm.com.tr\/wp-content\/uploads\/2011\/03\/logo1-300x54.png\" width=\"300\" height=\"54\" srcset=\"https:\/\/www.aldagulymm.com.tr\/wp-content\/uploads\/2011\/03\/logo1-300x54.png 300w, https:\/\/www.aldagulymm.com.tr\/wp-content\/uploads\/2011\/03\/logo1.png 336w\" sizes=\"auto, (max-width: 300px) 100vw, 300px\" \/><\/a><\/p>\n<p><strong><a href=\"http:\/\/www.aldagulymm.com.tr\/?attachment_id=207\" rel=\"attachment wp-att-207\"><img loading=\"lazy\" decoding=\"async\" class=\"alignleft size-full wp-image-207\" alt=\"adres\" src=\"http:\/\/www.aldagulymm.com.tr\/wp-content\/uploads\/2011\/03\/adres.png\" width=\"40\" height=\"40\" \/><\/a>Merkez :\u00a0 <\/strong>Zafer Mah. Eski Londra Asf. Dumlup\u0131nar Cad. Port Residance No:44-A D:15 Bah\u00e7elievler-\u0130stanbul<strong><br \/>\n<\/strong><\/p>\n<p><strong><a href=\"http:\/\/www.aldagulymm.com.tr\/?attachment_id=205\" rel=\"attachment wp-att-205\"><img loading=\"lazy\" decoding=\"async\" class=\"alignleft size-full wp-image-205\" alt=\"tel\" src=\"http:\/\/www.aldagulymm.com.tr\/wp-content\/uploads\/2011\/03\/tel.png\" width=\"40\" height=\"40\" \/><\/a><strong>Telefon:\u00a0<\/strong><\/strong> (212) 639 39 46-47<strong><br \/>\n<strong>Faks :<\/strong> <\/strong>(212) 483 26 83<\/p>\n<p>&nbsp;<\/p>\n<p><strong><a href=\"http:\/\/www.aldagulymm.com.tr\/?attachment_id=207\" rel=\"attachment wp-att-207\"><img loading=\"lazy\" decoding=\"async\" class=\"alignleft size-full wp-image-207\" alt=\"adres\" src=\"http:\/\/www.aldagulymm.com.tr\/wp-content\/uploads\/2011\/03\/adres.png\" width=\"40\" height=\"40\" \/><\/a>\u015eube:<\/strong> Arap\u00e7e\u015fme Mah. Kavak Cad. No:10 K:4 Gebze Kocaeli<br \/>\n<strong>Telefon:<\/strong> 262 641 77 70 <strong>Fax:<\/strong> 262 641 77 69<\/p>\n<p><strong><a href=\"http:\/\/www.aldagulymm.com.tr\/?attachment_id=215\" rel=\"attachment wp-att-215\"><img loading=\"lazy\" decoding=\"async\" class=\"alignleft size-full wp-image-215\" alt=\"mail\" src=\"http:\/\/www.aldagulymm.com.tr\/wp-content\/uploads\/2011\/03\/mail.png\" width=\"40\" height=\"40\" \/><\/a>\u00a0Email: <\/strong>aldagul@aldagulymm.com.tr<\/p>\n<p>&nbsp;<\/p>\n<p>&#8212;&#8212;&#8212;&#8212;&#8212;&#8212;&#8212;&#8212;&#8212;&#8212;&#8212;&#8212;&#8212;&#8212;&#8212;&#8212;&#8212;&#8212;&#8212;&#8212;&#8212;&#8212;&#8212;&#8212;&#8212;&#8212;&#8212;&#8212;&#8212;&#8212;&#8212;&#8212;&#8212;&#8212;&#8212;&#8212;&#8212;&#8212;&#8212;&#8212;&#8212;&#8212;&#8212;&#8212;&#8212;&#8212;&#8212;&#8212;&#8212;&#8212;&#8212;<\/p>\n<p><strong>\u0130LET\u0130\u015e\u0130M FORMU<\/strong><\/p>\n\n<div class=\"wpcf7 no-js\" id=\"wpcf7-f69-o1\" lang=\"\" dir=\"ltr\" data-wpcf7-id=\"69\">\n<div class=\"screen-reader-response\"><p role=\"status\" aria-live=\"polite\" aria-atomic=\"true\"><\/p> <ul><\/ul><\/div>\n<form action=\"\/index.php?rest_route=%2Fwp%2Fv2%2Fpages%2F25#wpcf7-f69-o1\" method=\"post\" class=\"wpcf7-form init\" aria-label=\"\u0130leti\u015fim Formu\" novalidate=\"novalidate\" data-status=\"init\">\n<div style=\"display: none;\">\n<input type=\"hidden\" name=\"_wpcf7\" value=\"69\" \/>\n<input type=\"hidden\" name=\"_wpcf7_version\" value=\"6.0.6\" \/>\n<input type=\"hidden\" name=\"_wpcf7_locale\" value=\"\" \/>\n<input type=\"hidden\" name=\"_wpcf7_unit_tag\" value=\"wpcf7-f69-o1\" \/>\n<input type=\"hidden\" name=\"_wpcf7_container_post\" value=\"0\" \/>\n<input type=\"hidden\" name=\"_wpcf7_posted_data_hash\" value=\"\" \/>\n<\/div>\n<p>\u0130sim (gerekli)\n<\/p>\n<p><span class=\"wpcf7-form-control-wrap\" data-name=\"your-name\"><input size=\"40\" maxlength=\"400\" class=\"wpcf7-form-control wpcf7-text wpcf7-validates-as-required\" aria-required=\"true\" aria-invalid=\"false\" value=\"\" type=\"text\" name=\"your-name\" \/><\/span>\n<\/p>\n<p>E-posta (gerekli)\n<\/p>\n<p><span class=\"wpcf7-form-control-wrap\" data-name=\"your-email\"><input size=\"40\" maxlength=\"400\" class=\"wpcf7-form-control wpcf7-email wpcf7-validates-as-required wpcf7-text wpcf7-validates-as-email\" aria-required=\"true\" aria-invalid=\"false\" value=\"\" type=\"email\" name=\"your-email\" \/><\/span>\n<\/p>\n<p>Konu\n<\/p>\n<p><span class=\"wpcf7-form-control-wrap\" data-name=\"your-subject\"><input size=\"40\" maxlength=\"400\" class=\"wpcf7-form-control wpcf7-text\" aria-invalid=\"false\" value=\"\" type=\"text\" name=\"your-subject\" \/><\/span>\n<\/p>\n<p>\u0130leti\n<\/p>\n<p><span class=\"wpcf7-form-control-wrap\" data-name=\"your-message\"><textarea cols=\"40\" rows=\"10\" maxlength=\"2000\" class=\"wpcf7-form-control wpcf7-textarea\" aria-invalid=\"false\" name=\"your-message\"><\/textarea><\/span>\n<\/p>\n<p><input class=\"wpcf7-form-control wpcf7-submit has-spinner\" type=\"submit\" value=\"G\u00f6nder\" \/>\n<\/p><p style=\"display: none !important;\" class=\"akismet-fields-container\" data-prefix=\"_wpcf7_ak_\"><label>&#916;<textarea name=\"_wpcf7_ak_hp_textarea\" cols=\"45\" rows=\"8\" maxlength=\"100\"><\/textarea><\/label><input type=\"hidden\" id=\"ak_js_1\" name=\"_wpcf7_ak_js\" value=\"229\"\/><script>document.getElementById( \"ak_js_1\" ).setAttribute( \"value\", ( new Date() ).getTime() );<\/script><\/p><div class=\"wpcf7-response-output\" aria-hidden=\"true\"><\/div>\n<\/form>\n<\/div>\n\n<p>&nbsp;<\/p>\n<p>&nbsp;<\/p>\n","protected":false},"excerpt":{"rendered":"<p>Merkez :\u00a0 Zafer Mah. Eski Londra Asf. Dumlup\u0131nar Cad. Port Residance No:44-A D:15 Bah\u00e7elievler-\u0130stanbul Telefon:\u00a0 (212) 639 39 46-47 Faks : (212) 483 26 83 &nbsp; \u015eube: Arap\u00e7e\u015fme Mah. Kavak Cad. No:10 K:4 Gebze Kocaeli Telefon: 262 641 77 70 Fax: 262 641 77 69 \u00a0Email: aldagul@aldagulymm.com.tr &nbsp; &#8212;&#8212;&#8212;&#8212;&#8212;&#8212;&#8212;&#8212;&#8212;&#8212;&#8212;&#8212;&#8212;&#8212;&#8212;&#8212;&#8212;&#8212;&#8212;&#8212;&#8212;&#8212;&#8212;&#8212;&#8212;&#8212;&#8212;&#8212;&#8212;&#8212;&#8212;&#8212;&#8212;&#8212;&#8212;&#8212;&#8212;&#8212;&#8212;&#8212;&#8212;&#8212;&#8212;&#8212;&#8212;&#8212;&#8212;&#8212;&#8212;&#8212;&#8212; \u0130LET\u0130\u015e\u0130M FORMU &nbsp; &nbsp;<\/p>\n","protected":false},"author":1,"featured_media":0,"parent":0,"menu_order":0,"comment_status":"open","ping_status":"open","template":"","meta":{"footnotes":""},"class_list":["post-25","page","type-page","status-publish","hentry"],"_links":{"self":[{"href":"https:\/\/www.aldagulymm.com.tr\/index.php?rest_route=\/wp\/v2\/pages\/25","targetHints":{"allow":["GET"]}}],"collection":[{"href":"https:\/\/www.aldagulymm.com.tr\/index.php?rest_route=\/wp\/v2\/pages"}],"about":[{"href":"https:\/\/www.aldagulymm.com.tr\/index.php?rest_route=\/wp\/v2\/types\/page"}],"author":[{"embeddable":true,"href":"https:\/\/www.aldagulymm.com.tr\/index.php?rest_route=\/wp\/v2\/users\/1"}],"replies":[{"embeddable":true,"href":"https:\/\/www.aldagulymm.com.tr\/index.php?rest_route=%2Fwp%2Fv2%2Fcomments&post=25"}],"version-history":[{"count":19,"href":"https:\/\/www.aldagulymm.com.tr\/index.php?rest_route=\/wp\/v2\/pages\/25\/revisions"}],"predecessor-version":[{"id":220,"href":"https:\/\/www.aldagulymm.com.tr\/index.php?rest_route=\/wp\/v2\/pages\/25\/revisions\/220"}],"wp:attachment":[{"href":"https:\/\/www.aldagulymm.com.tr\/index.php?rest_route=%2Fwp%2Fv2%2Fmedia&parent=25"}],"curies":[{"name":"wp","href":"https:\/\/api.w.org\/{rel}","templated":true}]}}