{"id":3224,"date":"2017-07-19T16:05:58","date_gmt":"2017-07-19T13:05:58","guid":{"rendered":"http:\/\/www.aldagulymm.com.tr\/?page_id=3224"},"modified":"2022-07-19T14:51:56","modified_gmt":"2022-07-19T11:51:56","slug":"ekibimiz","status":"publish","type":"page","link":"https:\/\/www.aldagulymm.com.tr\/?page_id=3224","title":{"rendered":"Ekibimiz"},"content":{"rendered":"<section class=\"kc-elm kc-css-878753 kc_row\"><div class=\"kc-row-container  kc-container\"><div class=\"kc-wrap-columns\"><div class=\"kc-elm kc-css-647512 kc_col-sm-12 kc-animated kc-animate-eff-fadeInUp kc_column kc_col-sm-12\"><div class=\"kc-col-container\"><div class=\"kc-elm kc-css-301584\" style=\"height: 20px; clear: both; width:100%;\"><\/div>\n<div class=\"kc-elm kc-css-836817 kc-flipbox kc-flip-container\" ontouchstart=\"this.classList.toggle('hover');\">\n\t<div class=\"flipper\">\n\t\t<div class=\"front\">\n\t\t\t<div class=\"front-content\">\n\t\t\t\t<h3>NECDET ALDAG\u00dcL<\/h3><p>YMM -BA\u011eIMSIZ DENET\u00c7\u0130- Y\u00d6NET\u0130C\u0130<\/p>\t\t\t<\/div>\n\t\t<\/div>\n\t\t<div class=\"back\">\n\t\t\t<div class=\"des\">\n\t\t\t\t<a class=\"button\" href=\"http:\/\/www.aldagulymm.com.tr\/?page_id=3293\" target=\"_self\" title=\"\">\u00d6zge\u00e7mi\u015f \u0130\u00e7in T\u0131klay\u0131n\u0131z<\/a>\t\t\t<\/div>\n\t\t<\/div>\n\t<\/div>\n<\/div>\n<div class=\"kc-elm kc-css-640628\" style=\"height: 10px; clear: both; width:100%;\"><\/div>\n<div class=\"kc-elm kc-css-958636 kc-flipbox kc-flip-container\" ontouchstart=\"this.classList.toggle('hover');\">\n\t<div class=\"flipper\">\n\t\t<div class=\"front\">\n\t\t\t<div class=\"front-content\">\n\t\t\t\t<h3>SERDAR KU\u015eCU<\/h3><p>YMM-BA\u011eIMSIZ DENET\u00c7\u0130<\/p>\t\t\t<\/div>\n\t\t<\/div>\n\t\t<div class=\"back\">\n\t\t\t<div class=\"des\">\n\t\t\t\t<a class=\"button\" href=\"http:\/\/www.aldagulymm.com.tr\/?page_id=3255\" target=\"_self\" title=\"\">\u00d6zge\u00e7mi\u015f \u0130\u00e7in T\u0131klay\u0131n\u0131z<\/a>\t\t\t<\/div>\n\t\t<\/div>\n\t<\/div>\n<\/div>\n<div class=\"kc-elm kc-css-537938\" style=\"height: 10px; clear: both; width:100%;\"><\/div>\n<div class=\"kc-elm kc-css-224622 kc-flipbox kc-flip-container\" ontouchstart=\"this.classList.toggle('hover');\">\n\t<div class=\"flipper\">\n\t\t<div class=\"front\">\n\t\t\t<div class=\"front-content\">\n\t\t\t\t<h3>SERDAR MERMUTLU<\/h3><p>YMM-BA\u011eIMSIZ DENET\u00c7\u0130<\/p>\t\t\t<\/div>\n\t\t<\/div>\n\t\t<div class=\"back\">\n\t\t\t<div class=\"des\">\n\t\t\t\t<a class=\"button\" href=\"http:\/\/www.aldagulymm.com.tr\/?page_id=4749\" target=\"_self\" title=\"Serdar MERMUTLU\">\u00d6zge\u00e7mi\u015f \u0130\u00e7in T\u0131klay\u0131n\u0131z<\/a>\t\t\t<\/div>\n\t\t<\/div>\n\t<\/div>\n<\/div>\n<div class=\"kc-elm kc-css-342955\" style=\"height: 10px; clear: both; width:100%;\"><\/div>\n<div class=\"kc-elm kc-css-578914 kc-flipbox kc-flip-container\" ontouchstart=\"this.classList.toggle('hover');\">\n\t<div class=\"flipper\">\n\t\t<div class=\"front\">\n\t\t\t<div class=\"front-content\">\n\t\t\t\t<h3>ERCAN URGAN<\/h3><p>SMMM-BA\u011eIMSIZ DENET\u00c7\u0130<\/p>\t\t\t<\/div>\n\t\t<\/div>\n\t\t<div class=\"back\">\n\t\t\t<div class=\"des\">\n\t\t\t\t<a class=\"button\" href=\"http:\/\/www.aldagulymm.com.tr\/?page_id=3280\" target=\"_self\" title=\"\">\u00d6zge\u00e7mi\u015f \u0130\u00e7in T\u0131klay\u0131n\u0131z<\/a>\t\t\t<\/div>\n\t\t<\/div>\n\t<\/div>\n<\/div>\n<div class=\"kc-elm kc-css-137483\" style=\"height: 10px; clear: both; width:100%;\"><\/div><div class=\"kc-elm kc-css-153852\" style=\"height: 10px; clear: both; width:100%;\"><\/div>\n<div class=\"kc-elm kc-css-291681 kc-flipbox kc-flip-container\" ontouchstart=\"this.classList.toggle('hover');\">\n\t<div class=\"flipper\">\n\t\t<div class=\"front\">\n\t\t\t<div class=\"front-content\">\n\t\t\t\t<h3>\u00d6MER KAYMAZ<\/h3><p>Muhasebe Personeli<\/p>\t\t\t<\/div>\n\t\t<\/div>\n\t\t<div class=\"back\">\n\t\t\t<div class=\"des\">\n\t\t\t\t<a class=\"button\" href=\"http:\/\/www.aldagulymm.com.tr\/?page_id=3286\" target=\"_self\" title=\"\">\u00d6zge\u00e7mi\u015f \u0130\u00e7in T\u0131klay\u0131n\u0131z<\/a>\t\t\t<\/div>\n\t\t<\/div>\n\t<\/div>\n<\/div>\n<\/div><\/div><\/div><\/div><\/section>\n","protected":false},"excerpt":{"rendered":"","protected":false},"author":1,"featured_media":0,"parent":0,"menu_order":0,"comment_status":"closed","ping_status":"closed","template":"","meta":{"footnotes":""},"class_list":["post-3224","page","type-page","status-publish","hentry"],"_links":{"self":[{"href":"https:\/\/www.aldagulymm.com.tr\/index.php?rest_route=\/wp\/v2\/pages\/3224","targetHints":{"allow":["GET"]}}],"collection":[{"href":"https:\/\/www.aldagulymm.com.tr\/index.php?rest_route=\/wp\/v2\/pages"}],"about":[{"href":"https:\/\/www.aldagulymm.com.tr\/index.php?rest_route=\/wp\/v2\/types\/page"}],"author":[{"embeddable":true,"href":"https:\/\/www.aldagulymm.com.tr\/index.php?rest_route=\/wp\/v2\/users\/1"}],"replies":[{"embeddable":true,"href":"https:\/\/www.aldagulymm.com.tr\/index.php?rest_route=%2Fwp%2Fv2%2Fcomments&post=3224"}],"version-history":[{"count":36,"href":"https:\/\/www.aldagulymm.com.tr\/index.php?rest_route=\/wp\/v2\/pages\/3224\/revisions"}],"predecessor-version":[{"id":6093,"href":"https:\/\/www.aldagulymm.com.tr\/index.php?rest_route=\/wp\/v2\/pages\/3224\/revisions\/6093"}],"wp:attachment":[{"href":"https:\/\/www.aldagulymm.com.tr\/index.php?rest_route=%2Fwp%2Fv2%2Fmedia&parent=3224"}],"curies":[{"name":"wp","href":"https:\/\/api.w.org\/{rel}","templated":true}]}}