{"id":3255,"date":"2017-07-19T16:51:25","date_gmt":"2017-07-19T13:51:25","guid":{"rendered":"http:\/\/www.aldagulymm.com.tr\/?page_id=3255"},"modified":"2017-07-19T16:55:31","modified_gmt":"2017-07-19T13:55:31","slug":"serdar-kuscu","status":"publish","type":"page","link":"https:\/\/www.aldagulymm.com.tr\/?page_id=3255","title":{"rendered":"Serdar KU\u015eCU"},"content":{"rendered":"<section class=\"kc-elm kc-css-477000 kc_row\"><div class=\"kc-row-container  kc-container\"><div class=\"kc-wrap-columns\"><div class=\"kc-elm kc-css-153200 kc_column kc_col-sm-12\"><div class=\"kc-col-container\"><div class=\"kc-elm kc-css-704240 kc_text_block\"><\/p>\n<p>Yeminli Mali M\u00fc\u015favir<\/p>\n<p><a href=\"http:\/\/www.aldagulymm.com.tr\/wp-content\/uploads\/2017\/07\/serdar-kuscu.png\"><img loading=\"lazy\" decoding=\"async\" class=\"alignleft\" src=\"http:\/\/www.aldagulymm.com.tr\/wp-content\/uploads\/2017\/07\/serdar-kuscu.png\" alt=\"\" width=\"118\" height=\"130\" \/><\/a>1980 y\u0131l\u0131nda Kahramanmara\u015f\u2019ta do\u011fmu\u015ftur. 1997-2001 y\u0131llar\u0131nda Gazi \u00dcniversitesi \u0130\u0130BF \u0130ktisat b\u00f6l\u00fcm\u00fcnde lisans, 2003-2005 y\u0131llar\u0131nda ayn\u0131 \u00fcniversitenin E\u011fitim Bilimleri Enstit\u00fcs\u00fcnde Bankac\u0131l\u0131k \u00fczerine y\u00fcksek lisans e\u011fitimini tamamlam\u0131\u015ft\u0131r.<\/p>\n<p>2003-2013 y\u0131llar\u0131nda Maliye Bakanl\u0131\u011f\u0131\u2019nda Vergi M\u00fcfetti\u015fi olarak \u00e7al\u0131\u015fm\u0131\u015f olup 2013 y\u0131l\u0131 ba\u015f\u0131ndan itibaren Yeminli Mali M\u00fc\u015favir olarak mesleki faaliyetine devam etmektedir. Ayn\u0131 zamanda Kamu G\u00f6zetim Kurumu taraf\u0131ndan verilen Ba\u011f\u0131ms\u0131z Denet\u00e7i belgesine sahiptir.<\/p>\n<p>Mesleki konularda yay\u0131m yapan bir\u00e7ok dergide yay\u0131mlanm\u0131\u015f makaleleri bulunmaktad\u0131r.<\/p>\n<p>\n<\/div><\/div><\/div><\/div><\/div><\/section>\n","protected":false},"excerpt":{"rendered":"","protected":false},"author":1,"featured_media":0,"parent":3224,"menu_order":0,"comment_status":"closed","ping_status":"closed","template":"","meta":{"footnotes":""},"class_list":["post-3255","page","type-page","status-publish","hentry"],"_links":{"self":[{"href":"https:\/\/www.aldagulymm.com.tr\/index.php?rest_route=\/wp\/v2\/pages\/3255","targetHints":{"allow":["GET"]}}],"collection":[{"href":"https:\/\/www.aldagulymm.com.tr\/index.php?rest_route=\/wp\/v2\/pages"}],"about":[{"href":"https:\/\/www.aldagulymm.com.tr\/index.php?rest_route=\/wp\/v2\/types\/page"}],"author":[{"embeddable":true,"href":"https:\/\/www.aldagulymm.com.tr\/index.php?rest_route=\/wp\/v2\/users\/1"}],"replies":[{"embeddable":true,"href":"https:\/\/www.aldagulymm.com.tr\/index.php?rest_route=%2Fwp%2Fv2%2Fcomments&post=3255"}],"version-history":[{"count":10,"href":"https:\/\/www.aldagulymm.com.tr\/index.php?rest_route=\/wp\/v2\/pages\/3255\/revisions"}],"predecessor-version":[{"id":3314,"href":"https:\/\/www.aldagulymm.com.tr\/index.php?rest_route=\/wp\/v2\/pages\/3255\/revisions\/3314"}],"up":[{"embeddable":true,"href":"https:\/\/www.aldagulymm.com.tr\/index.php?rest_route=\/wp\/v2\/pages\/3224"}],"wp:attachment":[{"href":"https:\/\/www.aldagulymm.com.tr\/index.php?rest_route=%2Fwp%2Fv2%2Fmedia&parent=3255"}],"curies":[{"name":"wp","href":"https:\/\/api.w.org\/{rel}","templated":true}]}}