{"id":3280,"date":"2017-07-19T17:06:17","date_gmt":"2017-07-19T14:06:17","guid":{"rendered":"http:\/\/www.aldagulymm.com.tr\/?page_id=3280"},"modified":"2017-07-19T17:08:30","modified_gmt":"2017-07-19T14:08:30","slug":"ercan-urgan","status":"publish","type":"page","link":"https:\/\/www.aldagulymm.com.tr\/?page_id=3280","title":{"rendered":"Ercan URGAN"},"content":{"rendered":"<section class=\"kc-elm kc-css-452331 kc_row\"><div class=\"kc-row-container  kc-container\"><div class=\"kc-wrap-columns\"><div class=\"kc-elm kc-css-285974 kc_column kc_col-sm-12\"><div class=\"kc-col-container\"><div class=\"kc-elm kc-css-498601 kc_text_block\"><\/p>\n<p>\nMali M\u00fc\u015favir<\/p>\n<p><img loading=\"lazy\" decoding=\"async\" class=\"alignleft \" src=\"http:\/\/www.aldagulymm.com.tr\/wp-content\/uploads\/2017\/07\/ercan-urgan.png\" alt=\"\" width=\"147\" height=\"147\">1985 y\u0131l\u0131nda Bitlis\u2019 de do\u011fmu\u015ftur.<\/p>\n<p>S\u00fcleyman Demirel \u00dcniversitesi Muhasebe b\u00f6l\u00fcm\u00fc&nbsp; ve Eski\u015fehir Anadolu \u00dcniversitesi Maliye b\u00f6l\u00fcm\u00fcnde e\u011fitim g\u00f6rm\u00fc\u015f olup 2013 y\u0131l\u0131nda T\u00dcRMOB taraf\u0131ndan yaz\u0131l\u0131 s\u0131navdan ba\u015far\u0131l\u0131 olarak<\/p>\n<p>Mali M\u00fc\u015favirlik ruhsat\u0131n\u0131, 2019 y\u0131l\u0131nda da&nbsp; KGK taraf\u0131ndan&nbsp; yap\u0131lan s\u0131navdan ba\u015far\u0131l\u0131 olarak Ba\u011f\u0131ms\u0131z Denet\u00e7i ruhsat\u0131n\u0131 alm\u0131\u015ft\u0131r.<\/p>\n<p>Yap\u0131 Kredi Sigorta A.\u015e. ve Carrefoursa n\u0131n&nbsp; Muhasebe b\u00f6l\u00fcm\u00fcnde \u00e7al\u0131\u015fm\u0131\u015f olup<\/p>\n<p>\u015eirketimizin kurulu\u015fundan itibaren de &nbsp;b\u00fcnyemizde \u00e7al\u0131\u015fmaktad\u0131r.<\/p>\n<p>\n<\/div><\/div><\/div><\/div><\/div><\/section>\n","protected":false},"excerpt":{"rendered":"","protected":false},"author":1,"featured_media":0,"parent":3224,"menu_order":0,"comment_status":"closed","ping_status":"closed","template":"","meta":{"footnotes":""},"class_list":["post-3280","page","type-page","status-publish","hentry"],"_links":{"self":[{"href":"https:\/\/www.aldagulymm.com.tr\/index.php?rest_route=\/wp\/v2\/pages\/3280","targetHints":{"allow":["GET"]}}],"collection":[{"href":"https:\/\/www.aldagulymm.com.tr\/index.php?rest_route=\/wp\/v2\/pages"}],"about":[{"href":"https:\/\/www.aldagulymm.com.tr\/index.php?rest_route=\/wp\/v2\/types\/page"}],"author":[{"embeddable":true,"href":"https:\/\/www.aldagulymm.com.tr\/index.php?rest_route=\/wp\/v2\/users\/1"}],"replies":[{"embeddable":true,"href":"https:\/\/www.aldagulymm.com.tr\/index.php?rest_route=%2Fwp%2Fv2%2Fcomments&post=3280"}],"version-history":[{"count":4,"href":"https:\/\/www.aldagulymm.com.tr\/index.php?rest_route=\/wp\/v2\/pages\/3280\/revisions"}],"predecessor-version":[{"id":3285,"href":"https:\/\/www.aldagulymm.com.tr\/index.php?rest_route=\/wp\/v2\/pages\/3280\/revisions\/3285"}],"up":[{"embeddable":true,"href":"https:\/\/www.aldagulymm.com.tr\/index.php?rest_route=\/wp\/v2\/pages\/3224"}],"wp:attachment":[{"href":"https:\/\/www.aldagulymm.com.tr\/index.php?rest_route=%2Fwp%2Fv2%2Fmedia&parent=3280"}],"curies":[{"name":"wp","href":"https:\/\/api.w.org\/{rel}","templated":true}]}}