{"id":3286,"date":"2017-07-19T17:08:54","date_gmt":"2017-07-19T14:08:54","guid":{"rendered":"http:\/\/www.aldagulymm.com.tr\/?page_id=3286"},"modified":"2017-07-19T17:10:44","modified_gmt":"2017-07-19T14:10:44","slug":"omer-kaymaz","status":"publish","type":"page","link":"https:\/\/www.aldagulymm.com.tr\/?page_id=3286","title":{"rendered":"\u00d6mer KAYMAZ"},"content":{"rendered":"<section class=\"kc-elm kc-css-371393 kc_row\"><div class=\"kc-row-container  kc-container\"><div class=\"kc-wrap-columns\"><div class=\"kc-elm kc-css-209696 kc_col-sm-12 kc_column kc_col-sm-12\"><div class=\"kc-col-container\"><div class=\"kc-elm kc-css-900310 kc_text_block\"><\/p>\n<p>Muhasebe Personeli<\/p>\n<p><img loading=\"lazy\" decoding=\"async\" class=\"alignleft \" src=\"http:\/\/www.aldagulymm.com.tr\/wp-content\/uploads\/2017\/07\/omer-kaymaz.png\" alt=\"\" width=\"184\" height=\"184\" \/>10.03.1985 tarihinde Bitlis\u2019de do\u011fmu\u015ftur. 1999\u2019da Kanarya ortaokulunu, 2004\u2019de Kadriye Moro\u011flu Lisesini bitirmi\u015ftir.<\/p>\n<p>Son olarak Eski\u015fehir Anadolu \u00dcniversitesi\u2019nin i\u015fletme ilkeleri b\u00f6l\u00fcm\u00fcnde e\u011fitim hayat\u0131n\u0131 s\u00fcrd\u00fcrmektedir. Askerlik g\u00f6revini 2008 y\u0131l\u0131nda tamamlad\u0131ktan sonra \u015firketimiz b\u00fcnyesinde\u00a0 \u00e7al\u0131\u015fmaya ba\u015flam\u0131\u015ft\u0131r. Evli ve bir \u00e7ocuk babas\u0131d\u0131r.<\/p>\n<p>\n<\/div><\/div><\/div><\/div><\/div><\/section>\n","protected":false},"excerpt":{"rendered":"","protected":false},"author":1,"featured_media":0,"parent":3224,"menu_order":0,"comment_status":"closed","ping_status":"closed","template":"","meta":{"footnotes":""},"class_list":["post-3286","page","type-page","status-publish","hentry"],"_links":{"self":[{"href":"https:\/\/www.aldagulymm.com.tr\/index.php?rest_route=\/wp\/v2\/pages\/3286","targetHints":{"allow":["GET"]}}],"collection":[{"href":"https:\/\/www.aldagulymm.com.tr\/index.php?rest_route=\/wp\/v2\/pages"}],"about":[{"href":"https:\/\/www.aldagulymm.com.tr\/index.php?rest_route=\/wp\/v2\/types\/page"}],"author":[{"embeddable":true,"href":"https:\/\/www.aldagulymm.com.tr\/index.php?rest_route=\/wp\/v2\/users\/1"}],"replies":[{"embeddable":true,"href":"https:\/\/www.aldagulymm.com.tr\/index.php?rest_route=%2Fwp%2Fv2%2Fcomments&post=3286"}],"version-history":[{"count":5,"href":"https:\/\/www.aldagulymm.com.tr\/index.php?rest_route=\/wp\/v2\/pages\/3286\/revisions"}],"predecessor-version":[{"id":3292,"href":"https:\/\/www.aldagulymm.com.tr\/index.php?rest_route=\/wp\/v2\/pages\/3286\/revisions\/3292"}],"up":[{"embeddable":true,"href":"https:\/\/www.aldagulymm.com.tr\/index.php?rest_route=\/wp\/v2\/pages\/3224"}],"wp:attachment":[{"href":"https:\/\/www.aldagulymm.com.tr\/index.php?rest_route=%2Fwp%2Fv2%2Fmedia&parent=3286"}],"curies":[{"name":"wp","href":"https:\/\/api.w.org\/{rel}","templated":true}]}}