{"id":3293,"date":"2017-07-19T17:11:20","date_gmt":"2017-07-19T14:11:20","guid":{"rendered":"http:\/\/www.aldagulymm.com.tr\/?page_id=3293"},"modified":"2017-07-19T17:12:54","modified_gmt":"2017-07-19T14:12:54","slug":"necdet-aldagul","status":"publish","type":"page","link":"https:\/\/www.aldagulymm.com.tr\/?page_id=3293","title":{"rendered":"Necdet ALDAG\u00dcL"},"content":{"rendered":"<section class=\"kc-elm kc-css-172873 kc_row\"><div class=\"kc-row-container  kc-container\"><div class=\"kc-wrap-columns\"><div class=\"kc-elm kc-css-183193 kc_column kc_col-sm-12\"><div class=\"kc-col-container\"><div class=\"kc-elm kc-css-474416 kc_text_block\"><\/p>\n<p>Yeminli Mali M\u00fc\u015favir<\/p>\n<p><a href=\"http:\/\/www.aldagulymm.com.tr\/wp-content\/uploads\/2017\/07\/necdet-aldagul-ymm.png\"><img loading=\"lazy\" decoding=\"async\" class=\"alignleft\" src=\"http:\/\/www.aldagulymm.com.tr\/wp-content\/uploads\/2017\/07\/necdet-aldagul-ymm.png\" alt=\"\" width=\"177\" height=\"177\" \/><\/a>1974 y\u0131l\u0131nda Bitlis\u2019 de do\u011fmu\u015ftur.\u00a0 1997 y\u0131l\u0131nda\u00a0 Ankara \u00dcniversitesi Siyasal Bilgiler fak\u00fcltesinden mezun olduktan sonra 1997 y\u0131l\u0131nda Maliye Bakanl\u0131\u011f\u0131 Gelirler Kontrol\u00f6rl\u00fc\u011f\u00fc s\u0131nav\u0131n\u0131 kazanarak uzun y\u0131llar Maliye Bakanl\u0131\u011f\u0131 b\u00fcnyesinde Gelirler Kontrol\u00f6r\u00fc olarak g\u00f6rev yapm\u0131\u015ft\u0131r.\u00a0 Mali konular ile ilgili, dergilerde\u00a0 yay\u0131mlanm\u0131\u015f \u00a0\u00e7ok say\u0131da makalesi bulunmaktad\u0131r.<\/p>\n<p>YMM Necdet Aldag\u00fcl\u00a0 \u0130ngilizce bilmektedir.<\/p>\n<p>\n<\/div><\/div><\/div><\/div><\/div><\/section>\n","protected":false},"excerpt":{"rendered":"","protected":false},"author":1,"featured_media":0,"parent":3224,"menu_order":0,"comment_status":"closed","ping_status":"closed","template":"","meta":{"footnotes":""},"class_list":["post-3293","page","type-page","status-publish","hentry"],"_links":{"self":[{"href":"https:\/\/www.aldagulymm.com.tr\/index.php?rest_route=\/wp\/v2\/pages\/3293","targetHints":{"allow":["GET"]}}],"collection":[{"href":"https:\/\/www.aldagulymm.com.tr\/index.php?rest_route=\/wp\/v2\/pages"}],"about":[{"href":"https:\/\/www.aldagulymm.com.tr\/index.php?rest_route=\/wp\/v2\/types\/page"}],"author":[{"embeddable":true,"href":"https:\/\/www.aldagulymm.com.tr\/index.php?rest_route=\/wp\/v2\/users\/1"}],"replies":[{"embeddable":true,"href":"https:\/\/www.aldagulymm.com.tr\/index.php?rest_route=%2Fwp%2Fv2%2Fcomments&post=3293"}],"version-history":[{"count":4,"href":"https:\/\/www.aldagulymm.com.tr\/index.php?rest_route=\/wp\/v2\/pages\/3293\/revisions"}],"predecessor-version":[{"id":3308,"href":"https:\/\/www.aldagulymm.com.tr\/index.php?rest_route=\/wp\/v2\/pages\/3293\/revisions\/3308"}],"up":[{"embeddable":true,"href":"https:\/\/www.aldagulymm.com.tr\/index.php?rest_route=\/wp\/v2\/pages\/3224"}],"wp:attachment":[{"href":"https:\/\/www.aldagulymm.com.tr\/index.php?rest_route=%2Fwp%2Fv2%2Fmedia&parent=3293"}],"curies":[{"name":"wp","href":"https:\/\/api.w.org\/{rel}","templated":true}]}}